{"id":230,"date":"2025-07-02T11:53:08","date_gmt":"2025-07-02T11:53:08","guid":{"rendered":"https:\/\/datiallippica.it\/?page_id=230"},"modified":"2025-08-31T10:26:17","modified_gmt":"2025-08-31T10:26:17","slug":"casi-investigativi-risolti","status":"publish","type":"page","link":"https:\/\/datiallippica.it\/?page_id=230","title":{"rendered":"Casi risolti"},"content":{"rendered":"\n<div class=\"wp-block-media-text has-media-on-the-right is-stacked-on-mobile\"><div class=\"wp-block-media-text__content\">\n<p>Ecco una dimostrazione di alcuni casi risolti dove siamo riusciti a bloccare e recuperare i capitali rubati.<\/p>\n\n\n\n<p>Questo cliente si era fatto convincere e aveva investito e per questo si era rivolto a me in cerca di aiuto. Per sua fortuna aveva capito che si trattava di una truffa in soli 2 giorni, quindi l&#8217;analisi della transazioni \u00e8 stata veloce.<\/p>\n\n\n\n<p>Ho cominciato a scavare partendo dal suo wallet e dalle transazioni fornite. Ho tracciato i movimenti on-chain utilizzando strumenti di analisi forense e incrociando i dati dei wallet degli scammers con quelli che mi erano stati segnalati, e ho seguito la scia di piccoli errori che, per fortuna, gli scammer continuano a commettere, come il riutilizzo di wallet.<\/p>\n\n\n\n<p>Sono riuscito a identificare il wallet centrale utilizzato dagli scammers per raccogliere i fondi, e infine al luogo del riciclaggio del denaro: I fondi erano stati spostati sull\u2019exchange&nbsp;<a href=\"http:\/\/mexc.com\/\" target=\"_blank\" rel=\"noreferrer noopener\"><strong>MEXC.com<\/strong><\/a>&nbsp;<strong>(situato in Pakistan!).<\/strong><\/p>\n\n\n\n<p>Grazie al mio intervento tempestivo \u2013 con una segnalazione tecnica dettagliata e ben documentata \u2013&nbsp;<strong>il team di MEXC ha bloccato i fondi prima che potessero essere convertiti o ritirati<\/strong>. Una volta ricevute le prove, han reagito prontamente, mettendo in quarantena gli asset ancora presenti. Quando c&#8217;\u00e8 coordinamento internazionale, rapidit\u00e0 e trasparenza, i problemi si risolvono subito!<\/p>\n\n\n\n<p>Non lo nascondo: c\u2019\u00e8 una certa soddisfazione professionale nel vedere un\u2019operazione del genere andare a buon fine. \u00c8 una piccola vittoria in un ecosistema dove molti pensano che \u201ctanto \u00e8 tutto anonimo e nessuno li prender\u00e0 mai\u201d.<\/p>\n\n\n\n<p><\/p>\n<\/div><figure class=\"wp-block-media-text__media\"><img loading=\"lazy\" decoding=\"async\" width=\"712\" height=\"1024\" src=\"https:\/\/datiallippica.it\/wp-content\/uploads\/2025\/07\/Denuncia-1-1-712x1024.png\" alt=\"\" class=\"wp-image-236 size-full\" srcset=\"https:\/\/datiallippica.it\/wp-content\/uploads\/2025\/07\/Denuncia-1-1-712x1024.png 712w, https:\/\/datiallippica.it\/wp-content\/uploads\/2025\/07\/Denuncia-1-1-208x300.png 208w, https:\/\/datiallippica.it\/wp-content\/uploads\/2025\/07\/Denuncia-1-1-768x1105.png 768w, https:\/\/datiallippica.it\/wp-content\/uploads\/2025\/07\/Denuncia-1-1.png 836w\" sizes=\"auto, (max-width: 712px) 100vw, 712px\" \/><\/figure><\/div>\n\n\n\n<div class=\"wp-block-media-text has-media-on-the-right is-stacked-on-mobile\"><div class=\"wp-block-media-text__content\">\n<p>Questo non \u00e8 solo il mio lavoro: \u00e8 una missione. E se anche uno solo dei responsabili dovr\u00e0 rispondere delle sue azioni, ne sar\u00e0 valsa la pena.<\/p>\n\n\n\n<p>Quindi se anche voi siete stati truffati&#8230; non tutto \u00e8 perduto! Parlare, segnalare e farsi aiutare&nbsp;<strong>da esperti in materia<\/strong>&nbsp;\u00e8 il primo passo. Le truffe si nutrono del silenzio.<br>Per chi pensa che \u201ctanto non si pu\u00f2 fare nulla\u201d: vi assicuro che si pu\u00f2. Ma bisogna sapere dove cercare.<\/p>\n\n\n\n<p>Se avete bisogno di una mano per ricostruire una truffa, analizzare wallet sospetti o semplicemente orientarvi nel mondo blockchain e crypto, potete contattarmi.<\/p>\n\n\n\n<p><strong>Per maggiori informazioni scrivici a<\/strong>&nbsp;<a href=\"mailto:contattaci@datiallippica.it\" target=\"_blank\" rel=\"noreferrer noopener\"><strong>contattaci@datiallippica.it<\/strong><\/a><strong>.<\/strong><\/p>\n<\/div><figure class=\"wp-block-media-text__media\"><img loading=\"lazy\" decoding=\"async\" width=\"853\" height=\"688\" src=\"https:\/\/datiallippica.it\/wp-content\/uploads\/2025\/07\/Denuncia-2.png\" alt=\"\" class=\"wp-image-234 size-full\" srcset=\"https:\/\/datiallippica.it\/wp-content\/uploads\/2025\/07\/Denuncia-2.png 853w, https:\/\/datiallippica.it\/wp-content\/uploads\/2025\/07\/Denuncia-2-300x242.png 300w, https:\/\/datiallippica.it\/wp-content\/uploads\/2025\/07\/Denuncia-2-768x619.png 768w\" sizes=\"auto, (max-width: 853px) 100vw, 853px\" \/><\/figure><\/div>\n\n\n\n<hr class=\"wp-block-separator has-alpha-channel-opacity\"\/>\n\n\n\n<p class=\"has-text-align-center\"><strong>Affidati solo ad esperti, affidati a noi<\/strong><\/p>\n\n\n\n<div class=\"wp-block-buttons is-content-justification-center is-layout-flex wp-container-core-buttons-is-layout-16018d1d wp-block-buttons-is-layout-flex\">\n<div class=\"wp-block-button is-style-fill\"><a class=\"wp-block-button__link wp-element-button\" href=\"https:\/\/docs.google.com\/forms\/d\/e\/1FAIpQLSeNh2U6Uu8K-hB9KIiH8B6MhfpKPoMpcVyfkS-lfmq64oP9Eg\/viewform?usp=dialog\" target=\"_blank\" rel=\"noreferrer noopener\">Contattaci<\/a><\/div>\n<\/div>\n","protected":false},"excerpt":{"rendered":"<p>Ecco una dimostrazione di alcuni casi risolti dove siamo riusciti a bloccare e recuperare i capitali rubati. Questo cliente si era fatto convincere e aveva investito e per questo si era rivolto a me in cerca di aiuto. Per sua fortuna aveva capito che si trattava di una truffa in soli 2 giorni, quindi l&#8217;analisi [&hellip;]<\/p>\n","protected":false},"author":1,"featured_media":0,"parent":0,"menu_order":0,"comment_status":"closed","ping_status":"closed","template":"","meta":{"footnotes":""},"class_list":["post-230","page","type-page","status-publish","hentry"],"_links":{"self":[{"href":"https:\/\/datiallippica.it\/index.php?rest_route=\/wp\/v2\/pages\/230","targetHints":{"allow":["GET"]}}],"collection":[{"href":"https:\/\/datiallippica.it\/index.php?rest_route=\/wp\/v2\/pages"}],"about":[{"href":"https:\/\/datiallippica.it\/index.php?rest_route=\/wp\/v2\/types\/page"}],"author":[{"embeddable":true,"href":"https:\/\/datiallippica.it\/index.php?rest_route=\/wp\/v2\/users\/1"}],"replies":[{"embeddable":true,"href":"https:\/\/datiallippica.it\/index.php?rest_route=%2Fwp%2Fv2%2Fcomments&post=230"}],"version-history":[{"count":12,"href":"https:\/\/datiallippica.it\/index.php?rest_route=\/wp\/v2\/pages\/230\/revisions"}],"predecessor-version":[{"id":307,"href":"https:\/\/datiallippica.it\/index.php?rest_route=\/wp\/v2\/pages\/230\/revisions\/307"}],"wp:attachment":[{"href":"https:\/\/datiallippica.it\/index.php?rest_route=%2Fwp%2Fv2%2Fmedia&parent=230"}],"curies":[{"name":"wp","href":"https:\/\/api.w.org\/{rel}","templated":true}]}}