{"id":282,"date":"2025-08-31T09:18:31","date_gmt":"2025-08-31T09:18:31","guid":{"rendered":"https:\/\/datiallippica.it\/?page_id=282"},"modified":"2025-11-19T10:44:42","modified_gmt":"2025-11-19T10:44:42","slug":"segnala-una-frode","status":"publish","type":"page","link":"https:\/\/datiallippica.it\/?page_id=282","title":{"rendered":"Segnala una frode"},"content":{"rendered":"\n<h2 class=\"wp-block-heading has-text-align-center\"><\/h2>\n\n\n\n<div style=\"height:51px\" aria-hidden=\"true\" class=\"wp-block-spacer\"><\/div>\n\n\n\n<p>Sei stato vittima di una frode o hai notato attivit\u00e0 sospette nel mondo delle criptovalute? La tua segnalazione pu\u00f2 fare la differenza.<\/p>\n\n\n\n<p>Il nostro obiettivo \u00e8 raccogliere e analizzare informazioni su truffe, schemi ingannevoli e comportamenti fraudolenti per tutelare gli utenti e contribuire a rendere il settore pi\u00f9 sicuro e trasparente.<\/p>\n\n\n\n<h3 class=\"wp-block-heading\">Lista piattaforme scam conosciute e sotto investigazione<\/h3>\n\n\n\n<p>Questo \u00e8 un elenco delle piattaforme sulle quali stiamo investigando. <\/p>\n\n\n\n<p>Se hai inviato fondi a queste piattaforme, contattaci subito per un&#8217;analisi e la possibilit\u00e0 di recuperare i fondi.<\/p>\n\n\n\n<h4 class=\"wp-block-heading\">1. JZMor<\/h4>\n\n\n\n<p>Questa piattaforma ha truffato diversi utenti per migliaia di euro. Grazie alle nostre attiivt\u00e0 di tracciamento, siamo riusciti ad individuare i soggetti fisici possessori dei wallet nei quali sono state trasferite le criptovalute. In questo modo, sar\u00e0 possibile attaccare direttamente il patrimonio personale dei soggetti ed ottenere una restituzione dei capitali sottratto illegittimamente.<\/p>\n\n\n\n<h4 class=\"wp-block-heading\">2. OFUYC<\/h4>\n\n\n\n<p>La piattaforma OFUYC si presenta come un servizio di trading online o exchange di cripto-valute. Tuttavia, sembrerebbe trattarsi di uno dei tanti falsi exchange che pu\u00f2 generare truffe a livello globale.<br>Non risulta essere un operatore autorizzato, la registrazione del dominio \u00e8 recente e non \u00e8 identificabile una struttura aziendale reale.<\/p>\n\n\n\n<p>Tentando di accedere al sito ofuyc.com appare un comunicato CONSOB in base al quale parrebbe accertato che mediante il sito siano stati offerti o svolti servizi e\/o attivit\u00e0 di investimento e\/o prestati servizi per le cripto-attivit\u00e0 nei confronti del pubblico italiano in assenza delle prescritte autorizzazioni, ovvero offerti al pubblico italiano prodotti finanziari in assenza del prospetto informativo o cripto-attivit\u00e0.<\/p>\n\n\n\n<h4 class=\"wp-block-heading\">3. Edelvaire<\/h4>\n\n\n\n<p>Questa piattaforma sembra adottare le stesse misure di altre truffe su cui abbiamo invstigato. L&#8217;operativit\u00e0 del gruppo \u00e8 partita da un mese, contestualmente alla &#8216;chiusura&#8217; delle piattaforme JZmor e OFUYC. Suggeriamo massima la precauzione.<\/p>\n\n\n\n<p class=\"has-text-align-center\"><strong>Se sei stato truffato, contattacci e potremmo recuperare i tuoi capitali<\/strong><\/p>\n\n\n\n<div class=\"wp-block-buttons is-content-justification-center is-layout-flex wp-container-core-buttons-is-layout-16018d1d wp-block-buttons-is-layout-flex\">\n<div class=\"wp-block-button\"><a class=\"wp-block-button__link has-text-align-center wp-element-button\" href=\"mailto:contattaci@datiallippica.it\">Contattaci<\/a><\/div>\n<\/div>\n\n\n\n<div style=\"height:51px\" aria-hidden=\"true\" class=\"wp-block-spacer\"><\/div>\n\n\n\n<h3 class=\"wp-block-heading\">Lista piatttaforme scam e siti web corrispondenti (chiuse)<\/h3>\n\n\n\n<ol class=\"wp-block-list\">\n<li>MGDID &#8211; jtwisn.com<\/li>\n<\/ol>\n\n\n\n<p>Perch\u00e9 segnalare?<\/p>\n\n\n\n<ul class=\"wp-block-list\">\n<li>Aiuti altre persone a non cadere nella stessa trappola.<\/li>\n\n\n\n<li>Contribuisci alla creazione di un database di casi reali, utile per individuare schemi ricorrenti.<\/li>\n\n\n\n<li>Favorisci un intervento tempestivo degli specialisti nella lotta alle frodi.<\/li>\n<\/ul>\n\n\n\n<div style=\"height:51px\" aria-hidden=\"true\" class=\"wp-block-spacer\"><\/div>\n\n\n\n<h3 class=\"wp-block-heading\">Come segnalare<\/h3>\n\n\n\n<p>Scrivici a <strong><a>contattaci@datiallippica.it<\/a><\/strong> indicando:<\/p>\n\n\n\n<ul class=\"wp-block-list\">\n<li>&#8216;Segnalazione&#8217; nell&#8217;oggetto.<\/li>\n\n\n\n<li>Una descrizione dettagliata della frode o dell\u2019attivit\u00e0 sospetta dall&#8217;inizio alla fine.<\/li>\n\n\n\n<li>Eventuali link, screenshot o documenti utili.<\/li>\n\n\n\n<li>I tuoi recapiti (se desideri essere ricontattato).<\/li>\n<\/ul>\n\n\n\n<div style=\"height:51px\" aria-hidden=\"true\" class=\"wp-block-spacer\"><\/div>\n\n\n\n<h3 class=\"wp-block-heading\">Recupero criptovalute<\/h3>\n\n\n\n<p>Se la frode riguarda enti che sono stati gi\u00e0 bloccati (come ad esempio TS Vertex), \u00e8 sufficiente appellarsi alle autorit\u00e0 competenti per prostrarsi come parte lesa e seguire l&#8217;iter mostrato dalle forze dell&#8217;ordine.<\/p>\n\n\n\n<p>Se invece la frode riguarda casistiche per importi minori, o sono exchange\/sistemi nuovi non ancora segnalati, puoi contattarci per una consulenza gratuita e vedremo se vi sono gli elementi per far partire una investigazione. Con il nostro servizio \u00e8 possibile recuperare le criptovalute grazie al team di esperti informatici e legali che ti accompagnano dall&#8217;inizio alla fine.<\/p>\n\n\n\n<div style=\"height:51px\" aria-hidden=\"true\" class=\"wp-block-spacer\"><\/div>\n\n\n\n<h3 class=\"wp-block-heading\">Unisciti alla community<\/h3>\n\n\n\n<p>Oltre alla segnalazione, entra a far parte della nostra community su Reddit: <a href=\"https:\/\/www.reddit.com\/r\/TruffeCryptovaluteITA\/?feedViewType=cardView&amp;utm_source=chatgpt.com\">r\/TruffeCryptovaluteITA<\/a>.<br>Qui troverai:<\/p>\n\n\n\n<ul class=\"wp-block-list\">\n<li>Utenti che condividono esperienze, consigli e aggiornamenti utili su frodi note.<\/li>\n\n\n\n<li>Metodi per prevenire le truffe e difendersi in modo pi\u00f9 consapevole.<\/li>\n<\/ul>\n\n\n\n<p>Tutte le segnalazioni vengono trattate con <strong>massima riservatezza<\/strong>. I tuoi dati non verranno mai condivisi senza il tuo consenso.<\/p>\n\n\n\n<div style=\"height:39px\" aria-hidden=\"true\" class=\"wp-block-spacer\"><\/div>\n\n\n\n<p class=\"has-text-align-center\"><strong>Se hai subito una frode contattaci per un preventivo gratuito<\/strong><\/p>\n\n\n\n<div class=\"wp-block-buttons is-content-justification-center is-layout-flex wp-container-core-buttons-is-layout-16018d1d wp-block-buttons-is-layout-flex\">\n<div class=\"wp-block-button\"><a class=\"wp-block-button__link has-text-align-center wp-element-button\" href=\"mailto:contattaci@datiallippica.it\">Contattaci<\/a><\/div>\n<\/div>\n","protected":false},"excerpt":{"rendered":"<p>Sei stato vittima di una frode o hai notato attivit\u00e0 sospette nel mondo delle criptovalute? La tua segnalazione pu\u00f2 fare la differenza. Il nostro obiettivo \u00e8 raccogliere e analizzare informazioni su truffe, schemi ingannevoli e comportamenti fraudolenti per tutelare gli utenti e contribuire a rendere il settore pi\u00f9 sicuro e trasparente. Lista piattaforme scam conosciute [&hellip;]<\/p>\n","protected":false},"author":1,"featured_media":0,"parent":0,"menu_order":0,"comment_status":"closed","ping_status":"closed","template":"","meta":{"footnotes":""},"class_list":["post-282","page","type-page","status-publish","hentry"],"_links":{"self":[{"href":"https:\/\/datiallippica.it\/index.php?rest_route=\/wp\/v2\/pages\/282","targetHints":{"allow":["GET"]}}],"collection":[{"href":"https:\/\/datiallippica.it\/index.php?rest_route=\/wp\/v2\/pages"}],"about":[{"href":"https:\/\/datiallippica.it\/index.php?rest_route=\/wp\/v2\/types\/page"}],"author":[{"embeddable":true,"href":"https:\/\/datiallippica.it\/index.php?rest_route=\/wp\/v2\/users\/1"}],"replies":[{"embeddable":true,"href":"https:\/\/datiallippica.it\/index.php?rest_route=%2Fwp%2Fv2%2Fcomments&post=282"}],"version-history":[{"count":18,"href":"https:\/\/datiallippica.it\/index.php?rest_route=\/wp\/v2\/pages\/282\/revisions"}],"predecessor-version":[{"id":362,"href":"https:\/\/datiallippica.it\/index.php?rest_route=\/wp\/v2\/pages\/282\/revisions\/362"}],"wp:attachment":[{"href":"https:\/\/datiallippica.it\/index.php?rest_route=%2Fwp%2Fv2%2Fmedia&parent=282"}],"curies":[{"name":"wp","href":"https:\/\/api.w.org\/{rel}","templated":true}]}}