{"id":66,"date":"2025-06-06T08:43:06","date_gmt":"2025-06-06T08:43:06","guid":{"rendered":"https:\/\/datiallippica.it\/?page_id=66"},"modified":"2025-08-31T13:03:46","modified_gmt":"2025-08-31T13:03:46","slug":"formazione","status":"publish","type":"page","link":"https:\/\/datiallippica.it\/?page_id=66","title":{"rendered":"Formazione"},"content":{"rendered":"\n<h1 class=\"wp-block-heading has-text-align-center\">Blockchain e criptovalute<\/h1>\n\n\n\n<div class=\"wp-block-media-text has-media-on-the-right is-stacked-on-mobile\" style=\"grid-template-columns:auto 45%\"><div class=\"wp-block-media-text__content\">\n<p>La blockchain e le criptovalute rappresentano una delle pi\u00f9 grandi innovazioni tecnologiche e finanziarie degli ultimi anni. Allo stesso tempo, per\u00f2, il settore \u00e8 pieno di rischi, truffe e informazioni poco trasparenti.<\/p>\n\n\n\n<p>Per questo offriamo percorsi di <strong>formazione mirati e pratici<\/strong>, adatti a chi vuole capire davvero come funziona la blockchain, acquistare criptovalute in sicurezza e imparare a riconoscere potenziali inganni.<\/p>\n<\/div><figure class=\"wp-block-media-text__media\"><img loading=\"lazy\" decoding=\"async\" width=\"1024\" height=\"683\" src=\"https:\/\/datiallippica.it\/wp-content\/uploads\/2025\/06\/ChatGPT-Image-Jun-9-2025-05_11_12-PM-1024x683.png\" alt=\"\" class=\"wp-image-167 size-full\" srcset=\"https:\/\/datiallippica.it\/wp-content\/uploads\/2025\/06\/ChatGPT-Image-Jun-9-2025-05_11_12-PM-1024x683.png 1024w, https:\/\/datiallippica.it\/wp-content\/uploads\/2025\/06\/ChatGPT-Image-Jun-9-2025-05_11_12-PM-300x200.png 300w, https:\/\/datiallippica.it\/wp-content\/uploads\/2025\/06\/ChatGPT-Image-Jun-9-2025-05_11_12-PM-768x512.png 768w, https:\/\/datiallippica.it\/wp-content\/uploads\/2025\/06\/ChatGPT-Image-Jun-9-2025-05_11_12-PM.png 1536w\" sizes=\"auto, (max-width: 1024px) 100vw, 1024px\" \/><\/figure><\/div>\n\n\n\n<div style=\"height:60px\" aria-hidden=\"true\" class=\"wp-block-spacer\"><\/div>\n\n\n\n<h3 class=\"wp-block-heading\">Cosa imparerai nei nostri corsi<\/h3>\n\n\n\n<p>Il nostro programma formativo \u00e8 strutturato per darti competenze concrete e subito utilizzabili:<\/p>\n\n\n\n<ul class=\"wp-block-list\">\n<li><strong>Fondamenti della blockchain<\/strong>: cos\u2019\u00e8, come funziona e perch\u00e9 \u00e8 sicura.<\/li>\n\n\n\n<li><strong>Criptovalute principali<\/strong>: Bitcoin, Ethereum e le altcoin pi\u00f9 rilevanti.<\/li>\n\n\n\n<li><strong>Come acquistare e conservare le cripto<\/strong>: wallet, exchange e pratiche di sicurezza.<\/li>\n\n\n\n<li><strong>Investimenti consapevoli<\/strong>: fondamenti di economia per gestire il rischio ed evitare errori comuni.<\/li>\n\n\n\n<li><strong>Prevenzione delle frodi<\/strong>: come riconoscere schemi Ponzi, phishing, piattaforme false e promesse di guadagni irrealistici.<\/li>\n\n\n\n<li><strong>Regolamentazione e aspetti legali<\/strong>: cosa dice la normativa italiana ed europea.<\/li>\n<\/ul>\n\n\n\n<h3 class=\"wp-block-heading\">Perch\u00e9 scegliere la nostra formazione<\/h3>\n\n\n\n<ul class=\"wp-block-list\">\n<li><strong>Approccio chiaro e pratico<\/strong>: niente tecnicismi inutili, ma esempi concreti e casi reali.<\/li>\n\n\n\n<li><strong>Focus sulla sicurezza<\/strong>: l\u2019obiettivo \u00e8 imparare a muoversi senza cadere nelle trappole.<\/li>\n\n\n\n<li><strong>Esperienza diretta<\/strong>: lavoriamo da anni su casi di frodi crypto e conosciamo le dinamiche pi\u00f9 comuni.<\/li>\n\n\n\n<li><strong>Adatto a tutti<\/strong>: che tu sia un principiante assoluto o un investitore curioso, i moduli sono calibrati sul tuo livello.<\/li>\n<\/ul>\n\n\n\n<h3 class=\"wp-block-heading\">A chi \u00e8 utile<\/h3>\n\n\n\n<ul class=\"wp-block-list\">\n<li>Privati e investitori che vogliono comprare criptovalute in autonomia.<\/li>\n\n\n\n<li>Privati che vogliano capire questa tecnologia e le sue applicazioni.<\/li>\n\n\n\n<li>Professionisti (commercialisti, consulenti finanziari, legali) che desiderano integrare competenze crypto nei propri servizi.<\/li>\n<\/ul>\n\n\n\n<h3 class=\"wp-block-heading\">Come partecipare<\/h3>\n\n\n\n<p>I corsi sono disponibili in formato online e personalizzabili su richiesta.<\/p>\n\n\n\n<p class=\"has-text-align-center\"><strong>Contattaci per un preventivo gratuito<\/strong><\/p>\n\n\n\n<div class=\"wp-block-buttons is-content-justification-center is-layout-flex wp-container-core-buttons-is-layout-16018d1d wp-block-buttons-is-layout-flex\">\n<div class=\"wp-block-button is-style-fill\"><a class=\"wp-block-button__link wp-element-button\" href=\"https:\/\/docs.google.com\/forms\/d\/e\/1FAIpQLSeNh2U6Uu8K-hB9KIiH8B6MhfpKPoMpcVyfkS-lfmq64oP9Eg\/viewform?usp=header\" target=\"_blank\" rel=\"noreferrer noopener\">Contattaci<\/a><\/div>\n<\/div>\n\n\n\n<p><\/p>\n","protected":false},"excerpt":{"rendered":"<p>Blockchain e criptovalute La blockchain e le criptovalute rappresentano una delle pi\u00f9 grandi innovazioni tecnologiche e finanziarie degli ultimi anni. Allo stesso tempo, per\u00f2, il settore \u00e8 pieno di rischi, truffe e informazioni poco trasparenti. Per questo offriamo percorsi di formazione mirati e pratici, adatti a chi vuole capire davvero come funziona la blockchain, acquistare [&hellip;]<\/p>\n","protected":false},"author":1,"featured_media":0,"parent":0,"menu_order":0,"comment_status":"closed","ping_status":"closed","template":"","meta":{"footnotes":""},"class_list":["post-66","page","type-page","status-publish","hentry"],"_links":{"self":[{"href":"https:\/\/datiallippica.it\/index.php?rest_route=\/wp\/v2\/pages\/66","targetHints":{"allow":["GET"]}}],"collection":[{"href":"https:\/\/datiallippica.it\/index.php?rest_route=\/wp\/v2\/pages"}],"about":[{"href":"https:\/\/datiallippica.it\/index.php?rest_route=\/wp\/v2\/types\/page"}],"author":[{"embeddable":true,"href":"https:\/\/datiallippica.it\/index.php?rest_route=\/wp\/v2\/users\/1"}],"replies":[{"embeddable":true,"href":"https:\/\/datiallippica.it\/index.php?rest_route=%2Fwp%2Fv2%2Fcomments&post=66"}],"version-history":[{"count":16,"href":"https:\/\/datiallippica.it\/index.php?rest_route=\/wp\/v2\/pages\/66\/revisions"}],"predecessor-version":[{"id":333,"href":"https:\/\/datiallippica.it\/index.php?rest_route=\/wp\/v2\/pages\/66\/revisions\/333"}],"wp:attachment":[{"href":"https:\/\/datiallippica.it\/index.php?rest_route=%2Fwp%2Fv2%2Fmedia&parent=66"}],"curies":[{"name":"wp","href":"https:\/\/api.w.org\/{rel}","templated":true}]}}